{"id":469,"date":"2025-09-08T09:14:49","date_gmt":"2025-09-08T14:14:49","guid":{"rendered":"https:\/\/nutrientrega.com\/?post_type=product&#038;p=469"},"modified":"2025-09-08T09:22:55","modified_gmt":"2025-09-08T14:22:55","slug":"nutraday","status":"publish","type":"product","link":"https:\/\/nutrientrega.com\/?product=nutraday","title":{"rendered":"Nutraday"},"content":{"rendered":"<div class=\"et_pb_module et_pb_text et_pb_text_0 et_pb_text_align_left et_pb_bg_layout_light\">\n<div class=\"et_pb_text_inner\">\n<div class=\"et_pb_module et_pb_text et_pb_text_0 et_pb_text_align_left et_pb_bg_layout_light\">\n<div class=\"et_pb_text_inner\">\n<div class=\"et_pb_module et_pb_text et_pb_text_0 et_pb_text_align_left et_pb_bg_layout_light\">\n<div class=\"et_pb_text_inner\">\n<div class=\"et_pb_module et_pb_text et_pb_text_0 et_pb_text_align_left et_pb_bg_layout_light\">\n<div class=\"et_pb_text_inner\">\n<div class=\"et_pb_module et_pb_text et_pb_text_0 et_pb_text_align_left et_pb_bg_layout_light\">\n<div class=\"et_pb_text_inner\">\n<div class=\"et_pb_module et_pb_text et_pb_text_6 et_pb_text_align_left et_pb_bg_layout_light\">\n<div class=\"et_pb_text_inner\">\n<div class=\"et_pb_module et_pb_text et_pb_text_6 et_pb_text_align_left et_pb_bg_layout_light\">\n<div class=\"et_pb_text_inner\">\n<div class=\"et_pb_module et_pb_text et_pb_text_6 et_pb_text_align_left et_pb_bg_layout_light\">\n<div class=\"et_pb_text_inner\">Beneficios<\/div>\n<\/div>\n<div class=\"et_pb_module et_pb_text et_pb_text_7 et_pb_text_align_left et_pb_bg_layout_light\">\n<div class=\"et_pb_text_inner\">\n<p>Su consumo diario ayudar\u00e1 a:<\/p>\n<ul>\n<li>Complementar tu nutrici\u00f3n con la dosis adecuada de antioxidantes, vitaminas y minerales.<\/li>\n<li>Mantener en estado \u00f3ptimo tu sistema inmunol\u00f3gico.<\/li>\n<li>Tener un \u00f3ptimo desarrollo f\u00edsico y mental.<\/li>\n<\/ul>\n<div class=\"et_pb_module et_pb_text et_pb_text_8 et_pb_text_align_left et_pb_bg_layout_light\">\n<div class=\"et_pb_text_inner\">Preparaci\u00f3n<\/div>\n<\/div>\n<div class=\"et_pb_module et_pb_text et_pb_text_9 et_pb_text_align_left et_pb_bg_layout_light\">\n<div class=\"et_pb_text_inner\">\n<p>Disolver el contenido de un stick en un vaso con 180 ml de agua fr\u00eda.<\/p>\n<\/div>\n<\/div>\n<div class=\"et_pb_module et_pb_text et_pb_text_10 et_pb_text_align_left et_pb_bg_layout_light\">\n<div class=\"et_pb_text_inner\">Recomendaci\u00f3n de Consumo<\/div>\n<\/div>\n<div class=\"et_pb_module et_pb_text et_pb_text_11 et_pb_text_align_left et_pb_bg_layout_light\">\n<div class=\"et_pb_text_inner\">\n<p>Tomar uno o dos sticks al d\u00eda, de preferencia por las ma\u00f1anas y por las tardes.<\/p>\n<\/div>\n<\/div>\n<\/div>\n<\/div>\n<\/div>\n<\/div>\n<\/div>\n<\/div>\n<\/div>\n<\/div>\n<\/div>\n<\/div>\n<\/div>\n<\/div>\n<\/div>\n<\/div>\n<\/div>\n<\/div>\n","protected":false},"excerpt":{"rendered":"<div class=\"et_pb_module et_pb_text et_pb_text_6 et_pb_text_align_left et_pb_bg_layout_light\">\n<div class=\"et_pb_text_inner\">\n<div class=\"et_pb_module et_pb_text et_pb_text_6 et_pb_text_align_left et_pb_bg_layout_light\">\n<div class=\"et_pb_text_inner\">\n<div class=\"et_pb_module et_pb_text et_pb_text_6 et_pb_text_align_left et_pb_bg_layout_light\">\n<div class=\"et_pb_text_inner\">\n<div class=\"et_pb_module et_pb_text et_pb_text_6 et_pb_text_align_left et_pb_bg_layout_light\">\n<div class=\"et_pb_text_inner\">\n<div class=\"et_pb_module et_pb_text et_pb_text_6 et_pb_text_align_left et_pb_bg_layout_light\">\n<div class=\"et_pb_text_inner\">\n<div class=\"et_pb_module et_pb_text et_pb_text_0 et_pb_text_align_left et_pb_bg_layout_light\">\n<div class=\"et_pb_text_inner\">\n<div class=\"et_pb_module et_pb_text et_pb_text_0 et_pb_text_align_left et_pb_bg_layout_light\">\n<div class=\"et_pb_text_inner\">\n<div class=\"et_pb_module et_pb_text et_pb_text_0 et_pb_text_align_left et_pb_bg_layout_light\">\n<div class=\"et_pb_text_inner\">\n<p>\u00a1BRINDA A TU CUERPO LOS NUTRIENTES QUE NECESITA!<\/p>\n<\/div>\n<\/div>\n<div class=\"et_pb_module et_pb_text et_pb_text_1 et_pb_text_align_left et_pb_bg_layout_light\">\n<div class=\"et_pb_text_inner\">\n<p>EXTRACTO DE MORINGA + GUAYABA + LIM\u00d3N + ALBAHACA + CAMU CAMU + ACAI BERRY + ACEROLA + QUINUA GERMINADA (FUENTES NATURALES DE ANTIOXIDANTES, 12 VITAMINAS Y 5 MINERALES ORG\u00c1NICOS)<\/p>\n<\/div>\n<\/div>\n<div class=\"et_pb_module et_pb_text et_pb_text_2 et_pb_text_align_left et_pb_bg_layout_light\">\n<div class=\"et_pb_text_inner\">\n<p>Delicioso refresco sabor a fresa natural con todos los micronutrientes que tu familia y t\u00fa necesitan para tener m\u00e1s vitalidad y fortalecer sus defensas. Est\u00e1 potenciado con extracto de Moringa, fuente natural de hierro (25 veces m\u00e1s concentrado que la espinaca) y calcio (17 veces m\u00e1s que la leche). Este delicioso mix es el alimento ideal para complementar la nutrici\u00f3n de tu familia, desde tus hijos a tus abuelos.<\/p>\n<\/div>\n<\/div>\n<\/div>\n<\/div>\n<\/div>\n<\/div>\n<\/div>\n<\/div>\n<\/div>\n<\/div>\n<\/div>\n<\/div>\n<\/div>\n<\/div>\n<\/div>\n<\/div>\n","protected":false},"featured_media":471,"comment_status":"open","ping_status":"closed","template":"","meta":{"_acf_changed":false,"_joinchat":[]},"product_brand":[],"product_cat":[17],"product_tag":[30],"class_list":{"0":"post-469","1":"product","2":"type-product","3":"status-publish","4":"has-post-thumbnail","6":"product_cat-revitaliza","7":"product_tag-revitaliza","9":"first","10":"instock","11":"shipping-taxable","12":"purchasable","13":"product-type-variable","14":"has-default-attributes"},"acf":[],"_links":{"self":[{"href":"https:\/\/nutrientrega.com\/index.php?rest_route=\/wp\/v2\/product\/469","targetHints":{"allow":["GET"]}}],"collection":[{"href":"https:\/\/nutrientrega.com\/index.php?rest_route=\/wp\/v2\/product"}],"about":[{"href":"https:\/\/nutrientrega.com\/index.php?rest_route=\/wp\/v2\/types\/product"}],"replies":[{"embeddable":true,"href":"https:\/\/nutrientrega.com\/index.php?rest_route=%2Fwp%2Fv2%2Fcomments&post=469"}],"version-history":[{"count":1,"href":"https:\/\/nutrientrega.com\/index.php?rest_route=\/wp\/v2\/product\/469\/revisions"}],"predecessor-version":[{"id":473,"href":"https:\/\/nutrientrega.com\/index.php?rest_route=\/wp\/v2\/product\/469\/revisions\/473"}],"wp:featuredmedia":[{"embeddable":true,"href":"https:\/\/nutrientrega.com\/index.php?rest_route=\/wp\/v2\/media\/471"}],"wp:attachment":[{"href":"https:\/\/nutrientrega.com\/index.php?rest_route=%2Fwp%2Fv2%2Fmedia&parent=469"}],"wp:term":[{"taxonomy":"product_brand","embeddable":true,"href":"https:\/\/nutrientrega.com\/index.php?rest_route=%2Fwp%2Fv2%2Fproduct_brand&post=469"},{"taxonomy":"product_cat","embeddable":true,"href":"https:\/\/nutrientrega.com\/index.php?rest_route=%2Fwp%2Fv2%2Fproduct_cat&post=469"},{"taxonomy":"product_tag","embeddable":true,"href":"https:\/\/nutrientrega.com\/index.php?rest_route=%2Fwp%2Fv2%2Fproduct_tag&post=469"}],"curies":[{"name":"wp","href":"https:\/\/api.w.org\/{rel}","templated":true}]}}