{"id":456,"date":"2025-09-08T09:05:05","date_gmt":"2025-09-08T14:05:05","guid":{"rendered":"https:\/\/nutrientrega.com\/?post_type=product&#038;p=456"},"modified":"2025-09-08T09:09:12","modified_gmt":"2025-09-08T14:09:12","slug":"protein-active-vainilla-y-canela","status":"publish","type":"product","link":"https:\/\/nutrientrega.com\/?product=protein-active-vainilla-y-canela","title":{"rendered":"Protein Active &#8211; Vainilla y canela."},"content":{"rendered":"<div class=\"et_pb_module et_pb_text et_pb_text_0 et_pb_text_align_left et_pb_bg_layout_light\">\n<div class=\"et_pb_text_inner\">\n<div class=\"et_pb_module et_pb_text et_pb_text_0 et_pb_text_align_left et_pb_bg_layout_light\">\n<div class=\"et_pb_text_inner\">\n<div class=\"et_pb_module et_pb_text et_pb_text_0 et_pb_text_align_left et_pb_bg_layout_light\">\n<div class=\"et_pb_text_inner\">\n<div class=\"et_pb_module et_pb_text et_pb_text_0 et_pb_text_align_left et_pb_bg_layout_light\">\n<div class=\"et_pb_text_inner\">\n<div class=\"et_pb_module et_pb_text et_pb_text_0 et_pb_text_align_left et_pb_bg_layout_light\">\n<div class=\"et_pb_text_inner\">\n<div class=\"et_pb_module et_pb_text et_pb_text_6 et_pb_text_align_left et_pb_bg_layout_light\">\n<div class=\"et_pb_text_inner\">Beneficios<\/div>\n<\/div>\n<div class=\"et_pb_module et_pb_text et_pb_text_7 et_pb_text_align_left et_pb_bg_layout_light\">\n<div class=\"et_pb_text_inner\">\n<p>Su consumo diario te ayudar\u00e1 a:<\/p>\n<ul>\n<li>Una asimilaci\u00f3n \u00f3ptima de amino\u00e1cidos esenciales, lo que le permitir\u00e1 a tu cuerpo regenerar sus tejidos en menor tiempo.<\/li>\n<li>Elevar cualitativa y cuantitativamente el perfil proteico de la dieta diaria de forma m\u00e1s eficaz.<\/li>\n<li>Reducir el da\u00f1o oxidativo que afecta tu sistema natural de defensa y tu desempe\u00f1o mental.<\/li>\n<\/ul>\n<div class=\"et_pb_module et_pb_text et_pb_text_8 et_pb_text_align_left et_pb_bg_layout_light\">\n<div class=\"et_pb_text_inner\">Preparaci\u00f3n<\/div>\n<\/div>\n<div class=\"et_pb_module et_pb_text et_pb_text_9 et_pb_text_align_left et_pb_bg_layout_light\">\n<div class=\"et_pb_text_inner\">\n<p>Con la ayuda de un shaker o batidora, mezclar el contenido de un stick en un vaso con 250 ml de agua fr\u00eda.<\/p>\n<\/div>\n<\/div>\n<div class=\"et_pb_module et_pb_text et_pb_text_10 et_pb_text_align_left et_pb_bg_layout_light\">\n<div class=\"et_pb_text_inner\">Recomendaci\u00f3n de Consumo<\/div>\n<\/div>\n<div class=\"et_pb_module et_pb_text et_pb_text_11 et_pb_text_align_left et_pb_bg_layout_light\">\n<div class=\"et_pb_text_inner\">\n<p>Uno o dos sticks al d\u00eda, como snack o merienda entre comidas. Tambi\u00e9n puedes tomarlo como complemento del desayuno o la cena, como batido (solo con agua y hielo) o como smoothie (combinado con jugos y fruta congelada).<\/p>\n<\/div>\n<\/div>\n<\/div>\n<\/div>\n<\/div>\n<\/div>\n<\/div>\n<\/div>\n<\/div>\n<\/div>\n<\/div>\n<\/div>\n<\/div>\n<\/div>\n","protected":false},"excerpt":{"rendered":"<div class=\"et_pb_module et_pb_text et_pb_text_6 et_pb_text_align_left et_pb_bg_layout_light\">\n<div class=\"et_pb_text_inner\">\n<div class=\"et_pb_module et_pb_text et_pb_text_6 et_pb_text_align_left et_pb_bg_layout_light\">\n<div class=\"et_pb_text_inner\">\n<div class=\"et_pb_module et_pb_text et_pb_text_6 et_pb_text_align_left et_pb_bg_layout_light\">\n<div class=\"et_pb_text_inner\">\n<div class=\"et_pb_module et_pb_text et_pb_text_6 et_pb_text_align_left et_pb_bg_layout_light\">\n<div class=\"et_pb_text_inner\">\n<div class=\"et_pb_module et_pb_text et_pb_text_6 et_pb_text_align_left et_pb_bg_layout_light\">\n<div class=\"et_pb_text_inner\">\n<div class=\"et_pb_module et_pb_text et_pb_text_0 et_pb_text_align_left et_pb_bg_layout_light\">\n<div class=\"et_pb_text_inner\">\n<p>\u00a1DALE A TU CUERPO NUTRICI\u00d3N AVANZADA!<\/p>\n<\/div>\n<\/div>\n<div class=\"et_pb_module et_pb_text et_pb_text_1 et_pb_text_align_left et_pb_bg_layout_light\">\n<div class=\"et_pb_text_inner\">\n<p>BIOPROTEIN ACTIVE\u00ae (PROTE\u00cdNA DE QUINUA GERMINADA, DE ARROZ INTEGRAL GERMINADO, DE ARVEJA, DE ALGAS) + AMINO\u00c1CIDOS + VITAMINAS + DHA Y ARA + ACEITE DE COCO<\/p>\n<\/div>\n<\/div>\n<div class=\"et_pb_module et_pb_text et_pb_text_2 et_pb_text_align_left et_pb_bg_layout_light\">\n<div class=\"et_pb_text_inner\">\n<p>Prote\u00edna activa de origen 100% vegetal, de alta biodisponibilidad y alta digestibilidad que complementa perfectamente tu alimentaci\u00f3n diaria para mantener una salud \u00f3ptima. Bioprotein Active\u00ae es una combinaci\u00f3n de prote\u00edna activa a base de prote\u00ednas de algas y vegetales germinados procesados a bajas temperaturas; lo que permite que los germinados se mantengan en pleno proceso de desarrollo y crecimiento convirti\u00e9ndola en un alimento vivo, con nutritientes activos.<\/p>\n<\/div>\n<\/div>\n<\/div>\n<\/div>\n<\/div>\n<\/div>\n<\/div>\n<\/div>\n<\/div>\n<\/div>\n<\/div>\n<\/div>\n","protected":false},"featured_media":459,"comment_status":"open","ping_status":"closed","template":"","meta":{"_acf_changed":false,"_joinchat":[]},"product_brand":[],"product_cat":[28],"product_tag":[29],"class_list":{"0":"post-456","1":"product","2":"type-product","3":"status-publish","4":"has-post-thumbnail","6":"product_cat-regenera","7":"product_tag-regenera","9":"first","10":"instock","11":"shipping-taxable","12":"purchasable","13":"product-type-variable","14":"has-default-attributes"},"acf":[],"_links":{"self":[{"href":"https:\/\/nutrientrega.com\/index.php?rest_route=\/wp\/v2\/product\/456","targetHints":{"allow":["GET"]}}],"collection":[{"href":"https:\/\/nutrientrega.com\/index.php?rest_route=\/wp\/v2\/product"}],"about":[{"href":"https:\/\/nutrientrega.com\/index.php?rest_route=\/wp\/v2\/types\/product"}],"replies":[{"embeddable":true,"href":"https:\/\/nutrientrega.com\/index.php?rest_route=%2Fwp%2Fv2%2Fcomments&post=456"}],"version-history":[{"count":2,"href":"https:\/\/nutrientrega.com\/index.php?rest_route=\/wp\/v2\/product\/456\/revisions"}],"predecessor-version":[{"id":461,"href":"https:\/\/nutrientrega.com\/index.php?rest_route=\/wp\/v2\/product\/456\/revisions\/461"}],"wp:featuredmedia":[{"embeddable":true,"href":"https:\/\/nutrientrega.com\/index.php?rest_route=\/wp\/v2\/media\/459"}],"wp:attachment":[{"href":"https:\/\/nutrientrega.com\/index.php?rest_route=%2Fwp%2Fv2%2Fmedia&parent=456"}],"wp:term":[{"taxonomy":"product_brand","embeddable":true,"href":"https:\/\/nutrientrega.com\/index.php?rest_route=%2Fwp%2Fv2%2Fproduct_brand&post=456"},{"taxonomy":"product_cat","embeddable":true,"href":"https:\/\/nutrientrega.com\/index.php?rest_route=%2Fwp%2Fv2%2Fproduct_cat&post=456"},{"taxonomy":"product_tag","embeddable":true,"href":"https:\/\/nutrientrega.com\/index.php?rest_route=%2Fwp%2Fv2%2Fproduct_tag&post=456"}],"curies":[{"name":"wp","href":"https:\/\/api.w.org\/{rel}","templated":true}]}}