{"id":447,"date":"2025-09-08T08:56:15","date_gmt":"2025-09-08T13:56:15","guid":{"rendered":"https:\/\/nutrientrega.com\/?post_type=product&#038;p=447"},"modified":"2025-09-19T06:38:29","modified_gmt":"2025-09-19T11:38:29","slug":"biopro-tect","status":"publish","type":"product","link":"https:\/\/nutrientrega.com\/?product=biopro-tect","title":{"rendered":"Biopro+ Tect"},"content":{"rendered":"<div class=\"et_pb_module et_pb_text et_pb_text_0 et_pb_text_align_left et_pb_bg_layout_light\">\n<div class=\"et_pb_text_inner\">\n<div class=\"et_pb_module et_pb_text et_pb_text_0 et_pb_text_align_left et_pb_bg_layout_light\">\n<div class=\"et_pb_text_inner\">\n<p>\u00a1ACTIVA TU SISTEMA NATURAL DE PROTECCI\u00d3N!<\/p>\n<\/div>\n<\/div>\n<div class=\"et_pb_module et_pb_text et_pb_text_1 et_pb_text_align_left et_pb_bg_layout_light\">\n<div class=\"et_pb_text_inner\">\n<p>BIOPROTEIN\u00a0CON COLOSTRUM\u00ae\u00a0+\u00a0BIOFERR\u00cdN\u00ae\u00a0+ AMINO\u00c1CIDOS + CALCIO L\u00c1CTEO + DHA Y ARA<\/p>\n<\/div>\n<\/div>\n<div class=\"et_pb_module et_pb_text et_pb_text_2 et_pb_text_align_left et_pb_bg_layout_light\">\n<div class=\"et_pb_text_inner\">\n<p>Delicioso batido instant\u00e1neo a base de la prote\u00edna de la m\u00e1s alta calidad: Bioprotein+\u00a0con Colostrum\u00ae, formulaci\u00f3n patentada por Fuxion\u00ae con 100% de Valor Biol\u00f3gico. Complemento de una sana nutrici\u00f3n diaria que activa y potencia el sistema de defensas del organismo.<\/p>\n<\/div>\n<\/div>\n<\/div>\n<\/div>\n","protected":false},"excerpt":{"rendered":"<div class=\"et_pb_module et_pb_text et_pb_text_0 et_pb_text_align_left et_pb_bg_layout_light\">\n<div class=\"et_pb_text_inner\">\n<div class=\"et_pb_module et_pb_text et_pb_text_8 et_pb_text_align_left et_pb_bg_layout_light\">\n<div class=\"et_pb_text_inner\">Beneficios<\/div>\n<\/div>\n<div class=\"et_pb_module et_pb_text et_pb_text_9 et_pb_text_align_left et_pb_bg_layout_light\">\n<div class=\"et_pb_text_inner\">\n<p>Su formulaci\u00f3n aporta Lactoferrina, amino\u00e1cidos esenciales y micronutrientes que te permitir\u00e1n:<\/p>\n<ul>\n<li>Elevar cualitativa y cuantitativamente el perfil proteico de la dieta diaria.<\/li>\n<li>Mejorar los procesos de regeneraci\u00f3n celular.<\/li>\n<li>Mantener saludable el sistema de defensas del organismo.<\/li>\n<li>Fortalecer los huesos.<\/li>\n<\/ul>\n<div class=\"et_pb_module et_pb_text et_pb_text_10 et_pb_text_align_left et_pb_bg_layout_light\">\n<div class=\"et_pb_text_inner\">Preparaci\u00f3n<\/div>\n<\/div>\n<div class=\"et_pb_module et_pb_text et_pb_text_11 et_pb_text_align_left et_pb_bg_layout_light\">\n<div class=\"et_pb_text_inner\">\n<p>Con la ayuda de un shaker o batidora, mezclar el contenido de un stick en un vaso con 250 ml de agua fr\u00eda.<\/p>\n<\/div>\n<\/div>\n<div class=\"et_pb_module et_pb_text et_pb_text_12 et_pb_text_align_left et_pb_bg_layout_light\">\n<div class=\"et_pb_text_inner\">Recomendaci\u00f3n de Consumo<\/div>\n<\/div>\n<div class=\"et_pb_module et_pb_text et_pb_text_13 et_pb_text_align_left et_pb_bg_layout_light\">\n<div class=\"et_pb_text_inner\">\n<p>Uno o dos sticks al d\u00eda, como snack o merienda entre comidas. Tambi\u00e9n puedes tomarlo como complemento del desayuno o la cena, como batido (solo con agua y hielo) o como smoothie (combinado con jugos y fruta congelada).<\/p>\n<\/div>\n<\/div>\n<\/div>\n<\/div>\n<\/div>\n<\/div>\n","protected":false},"featured_media":455,"comment_status":"open","ping_status":"closed","template":"","meta":{"_acf_changed":false,"_joinchat":[]},"product_brand":[],"product_cat":[28],"product_tag":[29],"class_list":{"0":"post-447","1":"product","2":"type-product","3":"status-publish","4":"has-post-thumbnail","6":"product_cat-regenera","7":"product_tag-regenera","9":"first","10":"instock","11":"shipping-taxable","12":"purchasable","13":"product-type-variable","14":"has-default-attributes"},"acf":[],"_links":{"self":[{"href":"https:\/\/nutrientrega.com\/index.php?rest_route=\/wp\/v2\/product\/447","targetHints":{"allow":["GET"]}}],"collection":[{"href":"https:\/\/nutrientrega.com\/index.php?rest_route=\/wp\/v2\/product"}],"about":[{"href":"https:\/\/nutrientrega.com\/index.php?rest_route=\/wp\/v2\/types\/product"}],"replies":[{"embeddable":true,"href":"https:\/\/nutrientrega.com\/index.php?rest_route=%2Fwp%2Fv2%2Fcomments&post=447"}],"version-history":[{"count":1,"href":"https:\/\/nutrientrega.com\/index.php?rest_route=\/wp\/v2\/product\/447\/revisions"}],"predecessor-version":[{"id":451,"href":"https:\/\/nutrientrega.com\/index.php?rest_route=\/wp\/v2\/product\/447\/revisions\/451"}],"wp:featuredmedia":[{"embeddable":true,"href":"https:\/\/nutrientrega.com\/index.php?rest_route=\/wp\/v2\/media\/455"}],"wp:attachment":[{"href":"https:\/\/nutrientrega.com\/index.php?rest_route=%2Fwp%2Fv2%2Fmedia&parent=447"}],"wp:term":[{"taxonomy":"product_brand","embeddable":true,"href":"https:\/\/nutrientrega.com\/index.php?rest_route=%2Fwp%2Fv2%2Fproduct_brand&post=447"},{"taxonomy":"product_cat","embeddable":true,"href":"https:\/\/nutrientrega.com\/index.php?rest_route=%2Fwp%2Fv2%2Fproduct_cat&post=447"},{"taxonomy":"product_tag","embeddable":true,"href":"https:\/\/nutrientrega.com\/index.php?rest_route=%2Fwp%2Fv2%2Fproduct_tag&post=447"}],"curies":[{"name":"wp","href":"https:\/\/api.w.org\/{rel}","templated":true}]}}