{"id":369,"date":"2025-09-05T23:04:58","date_gmt":"2025-09-06T04:04:58","guid":{"rendered":"https:\/\/nutrientrega.com\/?post_type=product&#038;p=369"},"modified":"2025-09-19T06:38:55","modified_gmt":"2025-09-19T11:38:55","slug":"detox-5-dias","status":"publish","type":"product","link":"https:\/\/nutrientrega.com\/?product=detox-5-dias","title":{"rendered":"Detox 5 D\u00edas"},"content":{"rendered":"<div class=\"et_pb_module et_pb_text et_pb_text_0 et_pb_text_align_left et_pb_bg_layout_light\">\n<div class=\"et_pb_text_inner\">\n<div class=\"et_pb_module et_pb_text et_pb_text_0 et_pb_text_align_left et_pb_bg_layout_light\">\n<div class=\"et_pb_text_inner\">\n<div class=\"et_pb_module et_pb_text et_pb_text_0 et_pb_text_align_left et_pb_bg_layout_light\">\n<div class=\"et_pb_text_inner\">\n<div class=\"et_pb_module et_pb_text et_pb_text_0 et_pb_text_align_left et_pb_bg_layout_light\">\n<div class=\"et_pb_text_inner\">\n<div class=\"et_pb_module et_pb_text et_pb_text_0 et_pb_text_align_left et_pb_bg_layout_light\">\n<div class=\"et_pb_text_inner\">\n<p>\u00a1RENUEVA TU CUERPO!<\/p>\n<\/div>\n<\/div>\n<div class=\"et_pb_module et_pb_text et_pb_text_1 et_pb_text_align_left et_pb_bg_layout_light\">\n<div class=\"et_pb_text_inner\">\n<p>3 STICKS DE PRUNEX1 +\u00a02 STICKS LIQUID FIBER + 3 STICKS DE ALPHA BALANCE +\u00a01 STICK DE FLORA LIV +\u00a05 STICKS DE REXET + 1 STICK DE BERRY BALANCE + 1 STICK DE THERMO T3 + 7 STICKS DE PROTEIN ACTIVE FIT + 3 STICKS DE PROTEIN XOUP<\/p>\n<\/div>\n<\/div>\n<div class=\"et_pb_module et_pb_text et_pb_text_2 et_pb_text_align_left et_pb_bg_layout_light\">\n<div class=\"et_pb_text_inner\">\n<p><strong>Detox 5-D\u00edas<\/strong>\u00a0es un programa completo creado cientificamente en base a 5 pilares (OXIGENACI\u00d3N, HIDRATACI\u00d3N, NUTRICI\u00d3N EQUILIBRADA, REVITALIZACI\u00d3N Y SUE\u00d1O), cuyo eje central es la nutrici\u00f3n equilibrada a base de un Plan Nutricional Detoxificante reforzado con productos Fuxion, acompa\u00f1ado de una propuesta de estilo de vida en equilibrio que te ayudar\u00e1 a purificar tu cuerpo.<\/p>\n<\/div>\n<\/div>\n<\/div>\n<\/div>\n<\/div>\n<\/div>\n<\/div>\n<\/div>\n<\/div>\n<\/div>\n","protected":false},"excerpt":{"rendered":"<div class=\"et_pb_module et_pb_text et_pb_text_6 et_pb_text_align_left et_pb_bg_layout_light\">\n<div class=\"et_pb_text_inner\">\n<div class=\"et_pb_module et_pb_text et_pb_text_6 et_pb_text_align_left et_pb_bg_layout_light\">\n<div class=\"et_pb_text_inner\">\n<div class=\"et_pb_module et_pb_text et_pb_text_6 et_pb_text_align_left et_pb_bg_layout_light\">\n<div class=\"et_pb_text_inner\">\n<div class=\"et_pb_module et_pb_text et_pb_text_6 et_pb_text_align_left et_pb_bg_layout_light\">\n<div class=\"et_pb_text_inner\">\n<div class=\"et_pb_module et_pb_text et_pb_text_6 et_pb_text_align_left et_pb_bg_layout_light\">\n<div class=\"et_pb_text_inner\">Beneficios<\/div>\n<\/div>\n<div class=\"et_pb_module et_pb_text et_pb_text_7 et_pb_text_align_left et_pb_bg_layout_light\">\n<div class=\"et_pb_text_inner\">\n<p>Para ayudarte a:<\/p>\n<ul>\n<li>Promover la eliminaci\u00f3n de toxinas.<\/li>\n<li>Afinar tu metabolismo (alistar tu cuerpo para iniciar alguna dieta o alg\u00fan deporte).<\/li>\n<li>Revitalizar tu cuerpo y mejorar tu estado de \u00e1nimo.<\/li>\n<li>Crear h\u00e1bitos positivos en tu estilo de vida para promover la limpieza y renovaci\u00f3n constante de tu cuerpo y mente.<\/li>\n<\/ul>\n<p><strong>\u00a1TODO ESTO TE AYUDAR\u00c1 A NUTRIR TUS C\u00c9LULAS ADECUADAMENTE Y HAR\u00c1 QUE EL PROCESO DE DESINTOXICACI\u00d3N SEA M\u00c1S COMPLETO!<\/strong><\/p>\n<\/div>\n<\/div>\n<div class=\"et_pb_module et_pb_text et_pb_text_8 et_pb_text_align_left et_pb_bg_layout_light\">\n<div class=\"et_pb_text_inner\">\n<p>Recomendaci\u00f3n de Consumo<\/p>\n<\/div>\n<\/div>\n<div class=\"et_pb_module et_pb_text et_pb_text_9 et_pb_text_align_left et_pb_bg_layout_light\">\n<div class=\"et_pb_text_inner\">\n<p>El Programa Detox 5-d\u00edas deber\u00eda realizarse una vez al mes.<\/p>\n<\/div>\n<\/div>\n<\/div>\n<\/div>\n<\/div>\n<\/div>\n<\/div>\n<\/div>\n<\/div>\n<\/div>\n","protected":false},"featured_media":371,"comment_status":"open","ping_status":"closed","template":"","meta":{"_acf_changed":false,"_joinchat":[]},"product_brand":[],"product_cat":[19],"product_tag":[20],"class_list":{"0":"post-369","1":"product","2":"type-product","3":"status-publish","4":"has-post-thumbnail","6":"product_cat-limpia","7":"product_tag-limpia","9":"first","10":"instock","11":"shipping-taxable","12":"purchasable","13":"product-type-variable","14":"has-default-attributes"},"acf":[],"_links":{"self":[{"href":"https:\/\/nutrientrega.com\/index.php?rest_route=\/wp\/v2\/product\/369","targetHints":{"allow":["GET"]}}],"collection":[{"href":"https:\/\/nutrientrega.com\/index.php?rest_route=\/wp\/v2\/product"}],"about":[{"href":"https:\/\/nutrientrega.com\/index.php?rest_route=\/wp\/v2\/types\/product"}],"replies":[{"embeddable":true,"href":"https:\/\/nutrientrega.com\/index.php?rest_route=%2Fwp%2Fv2%2Fcomments&post=369"}],"version-history":[{"count":2,"href":"https:\/\/nutrientrega.com\/index.php?rest_route=\/wp\/v2\/product\/369\/revisions"}],"predecessor-version":[{"id":375,"href":"https:\/\/nutrientrega.com\/index.php?rest_route=\/wp\/v2\/product\/369\/revisions\/375"}],"wp:featuredmedia":[{"embeddable":true,"href":"https:\/\/nutrientrega.com\/index.php?rest_route=\/wp\/v2\/media\/371"}],"wp:attachment":[{"href":"https:\/\/nutrientrega.com\/index.php?rest_route=%2Fwp%2Fv2%2Fmedia&parent=369"}],"wp:term":[{"taxonomy":"product_brand","embeddable":true,"href":"https:\/\/nutrientrega.com\/index.php?rest_route=%2Fwp%2Fv2%2Fproduct_brand&post=369"},{"taxonomy":"product_cat","embeddable":true,"href":"https:\/\/nutrientrega.com\/index.php?rest_route=%2Fwp%2Fv2%2Fproduct_cat&post=369"},{"taxonomy":"product_tag","embeddable":true,"href":"https:\/\/nutrientrega.com\/index.php?rest_route=%2Fwp%2Fv2%2Fproduct_tag&post=369"}],"curies":[{"name":"wp","href":"https:\/\/api.w.org\/{rel}","templated":true}]}}