{"id":302,"date":"2025-09-05T20:21:43","date_gmt":"2025-09-06T01:21:43","guid":{"rendered":"https:\/\/nutrientrega.com\/?post_type=product&#038;p=302"},"modified":"2025-09-05T22:17:39","modified_gmt":"2025-09-06T03:17:39","slug":"rexet","status":"publish","type":"product","link":"https:\/\/nutrientrega.com\/?product=rexet","title":{"rendered":"Rexet"},"content":{"rendered":"<div class=\"et_pb_module et_pb_text et_pb_text_0 et_pb_text_align_left et_pb_bg_layout_light\">\n<div class=\"et_pb_text_inner\">\n<p>Bebida efervescente que aporta nutrientes conocidos por ayudar a proteger el h\u00edgado y promover su funci\u00f3n desintoxicante de manera saludable.<\/p>\n<div class=\"et_pb_module et_pb_text et_pb_text_8 et_pb_text_align_left et_pb_bg_layout_light\">\n<div class=\"et_pb_text_inner\">Beneficios<\/div>\n<\/div>\n<div class=\"et_pb_module et_pb_text et_pb_text_9 et_pb_text_align_left et_pb_bg_layout_light\">\n<div class=\"et_pb_text_inner\">\n<p>Sus componentes te ayudan a:<\/p>\n<ul>\n<li>Mantener optimas las funciones metab\u00f3licas del h\u00edgado.<\/li>\n<li>Promover la funci\u00f3n depurativa desde el sistema digestivo.<\/li>\n<li>Mantener el cuerpo en equilibrio, limpio de toxinas.<\/li>\n<\/ul>\n<div class=\"et_pb_module et_pb_text et_pb_text_10 et_pb_text_align_left et_pb_bg_layout_light\">\n<div class=\"et_pb_text_inner\">Preparaci\u00f3n<\/div>\n<\/div>\n<div class=\"et_pb_module et_pb_text et_pb_text_11 et_pb_text_align_left et_pb_bg_layout_light\">\n<div class=\"et_pb_text_inner\">\n<p>Disolver el contenido de un stick en un vaso de agua (180) esperar a que reaccione el polvo efervescente y tomar inmediatamente para aprovechar su frescura.<\/p>\n<\/div>\n<\/div>\n<div class=\"et_pb_module et_pb_text et_pb_text_12 et_pb_text_align_left et_pb_bg_layout_light\">\n<div class=\"et_pb_text_inner\">Recomendaci\u00f3n de Consumo<\/div>\n<\/div>\n<div class=\"et_pb_module et_pb_text et_pb_text_13 et_pb_text_align_left et_pb_bg_layout_light\">\n<div class=\"et_pb_text_inner\">\n<p>Tomar en las ma\u00f1anas en ayunas. Tambi\u00e9n tomar un sobre antes de alg\u00fan festejo y otro al regresar.<\/p>\n<\/div>\n<\/div>\n<\/div>\n<\/div>\n<\/div>\n<\/div>\n","protected":false},"excerpt":{"rendered":"<div class=\"et_pb_module et_pb_text et_pb_text_0 et_pb_text_align_left et_pb_bg_layout_light\">\n<div class=\"et_pb_text_inner\">\n<p>\u00a1PREPARA Y REINICIA TU CUERPO!<\/p>\n<\/div>\n<\/div>\n<div class=\"et_pb_module et_pb_text et_pb_text_1 et_pb_text_align_left et_pb_bg_layout_light\">\n<div class=\"et_pb_text_inner\">\n<p>MIX DE EXTRACTOS VEGETALES (TUNA ROJA, ALCACHOFA, HIERBA LUISA, PEREJIL, ACEROLA, CLOROFILA) + BICARBONATO DE SODIO + MIX DE MINERALES (ZINC, MAGNESIO) + TAURINA + VITAMINAS DEL COMPLEJO B, VITAMINA C Y D + ACETILCISTE\u00cdNA<\/p>\n<\/div>\n<\/div>\n","protected":false},"featured_media":303,"comment_status":"open","ping_status":"closed","template":"","meta":{"_acf_changed":false,"_joinchat":[]},"product_brand":[],"product_cat":[19],"product_tag":[20],"class_list":{"0":"post-302","1":"product","2":"type-product","3":"status-publish","4":"has-post-thumbnail","6":"product_cat-limpia","7":"product_tag-limpia","9":"first","10":"instock","11":"shipping-taxable","12":"purchasable","13":"product-type-variable"},"acf":[],"_links":{"self":[{"href":"https:\/\/nutrientrega.com\/index.php?rest_route=\/wp\/v2\/product\/302","targetHints":{"allow":["GET"]}}],"collection":[{"href":"https:\/\/nutrientrega.com\/index.php?rest_route=\/wp\/v2\/product"}],"about":[{"href":"https:\/\/nutrientrega.com\/index.php?rest_route=\/wp\/v2\/types\/product"}],"replies":[{"embeddable":true,"href":"https:\/\/nutrientrega.com\/index.php?rest_route=%2Fwp%2Fv2%2Fcomments&post=302"}],"version-history":[{"count":4,"href":"https:\/\/nutrientrega.com\/index.php?rest_route=\/wp\/v2\/product\/302\/revisions"}],"predecessor-version":[{"id":319,"href":"https:\/\/nutrientrega.com\/index.php?rest_route=\/wp\/v2\/product\/302\/revisions\/319"}],"wp:featuredmedia":[{"embeddable":true,"href":"https:\/\/nutrientrega.com\/index.php?rest_route=\/wp\/v2\/media\/303"}],"wp:attachment":[{"href":"https:\/\/nutrientrega.com\/index.php?rest_route=%2Fwp%2Fv2%2Fmedia&parent=302"}],"wp:term":[{"taxonomy":"product_brand","embeddable":true,"href":"https:\/\/nutrientrega.com\/index.php?rest_route=%2Fwp%2Fv2%2Fproduct_brand&post=302"},{"taxonomy":"product_cat","embeddable":true,"href":"https:\/\/nutrientrega.com\/index.php?rest_route=%2Fwp%2Fv2%2Fproduct_cat&post=302"},{"taxonomy":"product_tag","embeddable":true,"href":"https:\/\/nutrientrega.com\/index.php?rest_route=%2Fwp%2Fv2%2Fproduct_tag&post=302"}],"curies":[{"name":"wp","href":"https:\/\/api.w.org\/{rel}","templated":true}]}}